{"id":650,"date":"2018-03-12T11:46:20","date_gmt":"2018-03-12T11:46:20","guid":{"rendered":"http:\/\/sai-creativeservices.com\/wp-stage2\/?post_type=product&#038;p=650"},"modified":"2018-03-12T11:46:20","modified_gmt":"2018-03-12T11:46:20","slug":"conflat-flange-series","status":"publish","type":"product","link":"https:\/\/www.urwebmaker.in\/abm\/product\/conflat-flange-series\/","title":{"rendered":"Conflat Flange Series"},"content":{"rendered":"<p><strong>Conflat Flange Series \u00a0 \u00a0 \u00a0 \u00a0 \u00a0 \u00a0 Unit:mm \u00a0 \u00a0 \u00a0 \u00a0 \u00a0 Material:SUS304<\/strong><\/p>\n<hr \/>\n<p>ICF \u00a0 Fixed \u00a0 Flange<\/p>\n<table border=\"1\" cellspacing=\"1\" cellpadding=\"1\" align=\"center\">\n<tbody>\n<tr>\n<td><strong>Code<\/strong><\/td>\n<td><strong>Shape<\/strong><\/td>\n<td><strong>\u00d8A<\/strong><\/td>\n<td><strong>\u00d8B<\/strong><\/td>\n<td><strong>\u00d8C<\/strong><\/td>\n<td><strong>T<\/strong><\/td>\n<td><strong>T1<\/strong><\/td>\n<td><strong>\u00d8H<\/strong><\/td>\n<td><strong>n<\/strong><\/td>\n<td><strong>PCD<\/strong><\/td>\n<td><strong>Tube OD<\/strong><\/td>\n<\/tr>\n<tr>\n<td><strong>ICF70&#8211;H<\/strong><\/td>\n<td>a<\/td>\n<td>70<\/td>\n<td>Blank<\/td>\n<td>&#8212;<\/td>\n<td>12.7<\/td>\n<td>&#8212;<\/td>\n<td>6.8<\/td>\n<td>6<\/td>\n<td>58.7<\/td>\n<td>&#8212;<\/td>\n<\/tr>\n<tr>\n<td><strong>ICF70&#8211;41H<\/strong><\/td>\n<td>b<\/td>\n<td>70<\/td>\n<td>41.5<\/td>\n<td>38.5<\/td>\n<td>12.7<\/td>\n<td>5.3<\/td>\n<td>6.8<\/td>\n<td>6<\/td>\n<td>58.7<\/td>\n<td>41.0<\/td>\n<\/tr>\n<tr>\n<td><strong>ICF114&#8211;H<\/strong><\/td>\n<td>a<\/td>\n<td>114<\/td>\n<td>Blank<\/td>\n<td>&#8212;<\/td>\n<td>17.5<\/td>\n<td>&#8212;<\/td>\n<td>8.5<\/td>\n<td>8<\/td>\n<td>92.1<\/td>\n<td>&#8212;<\/td>\n<\/tr>\n<tr>\n<td><strong>ICF114&#8211;63.5H<\/strong><\/td>\n<td>b<\/td>\n<td>114<\/td>\n<td>64.0<\/td>\n<td>61.0<\/td>\n<td>17.5<\/td>\n<td>9.5<\/td>\n<td>8.5<\/td>\n<td>8<\/td>\n<td>92.1<\/td>\n<td>63.5<\/td>\n<\/tr>\n<tr>\n<td><strong>ICF152&#8211;H<\/strong><\/td>\n<td>a<\/td>\n<td>152<\/td>\n<td>Blank<\/td>\n<td>&#8212;<\/td>\n<td>20.0<\/td>\n<td>&#8212;<\/td>\n<td>8.5<\/td>\n<td>16<\/td>\n<td>130.2<\/td>\n<td>&#8212;<\/td>\n<\/tr>\n<tr>\n<td><strong>ICF152&#8211;101.6H<\/strong><\/td>\n<td>b<\/td>\n<td>152<\/td>\n<td>102.0<\/td>\n<td>97.0<\/td>\n<td>20.0<\/td>\n<td>11.0<\/td>\n<td>8.5<\/td>\n<td>16<\/td>\n<td>130.2<\/td>\n<td>101.6<\/td>\n<\/tr>\n<tr>\n<td><strong>ICF203&#8211;H<\/strong><\/td>\n<td>a<\/td>\n<td>203<\/td>\n<td>Blank<\/td>\n<td>&#8212;<\/td>\n<td>22.0<\/td>\n<td>&#8212;<\/td>\n<td>8.5<\/td>\n<td>20<\/td>\n<td>181.0<\/td>\n<td>&#8212;<\/td>\n<\/tr>\n<tr>\n<td><strong>ICF203&#8211;153H<\/strong><\/td>\n<td>b<\/td>\n<td>203<\/td>\n<td>153.5<\/td>\n<td>148.5<\/td>\n<td>22.0<\/td>\n<td>12.5<\/td>\n<td>8.5<\/td>\n<td>20<\/td>\n<td>181.0<\/td>\n<td>153.0<\/td>\n<\/tr>\n<tr>\n<td><strong>ICF253&#8211;H<\/strong><\/td>\n<td>a<\/td>\n<td>253<\/td>\n<td>Blank<\/td>\n<td>&#8212;<\/td>\n<td>25.0<\/td>\n<td>&#8212;<\/td>\n<td>8.5<\/td>\n<td>24<\/td>\n<td>231.8<\/td>\n<td>&#8212;<\/td>\n<\/tr>\n<tr>\n<td><strong>ICF253&#8211;203H<\/strong><\/td>\n<td>b<\/td>\n<td>253<\/td>\n<td>203.5<\/td>\n<td>198.5<\/td>\n<td>25.0<\/td>\n<td>12.5<\/td>\n<td>8.5<\/td>\n<td>24<\/td>\n<td>231.8<\/td>\n<td>203.0<\/p>\n<p>&nbsp;<\/td>\n<\/tr>\n<\/tbody>\n<\/table>\n<p><img loading=\"lazy\" decoding=\"async\" class=\" wp-image-651 aligncenter\" src=\"http:\/\/sai-creativeservices.com\/wp-stage2\/wp-content\/uploads\/2018\/03\/1-16122922025b34-1-300x79.png\" alt=\"\" width=\"349\" height=\"92\" srcset=\"https:\/\/www.urwebmaker.in\/abm\/wp-content\/uploads\/2018\/03\/1-16122922025b34-1-300x79.png 300w, https:\/\/www.urwebmaker.in\/abm\/wp-content\/uploads\/2018\/03\/1-16122922025b34-1-600x157.png 600w, https:\/\/www.urwebmaker.in\/abm\/wp-content\/uploads\/2018\/03\/1-16122922025b34-1.png 660w\" sizes=\"auto, (max-width: 349px) 100vw, 349px\" \/><\/p>\n<table border=\"1\" cellspacing=\"1\" cellpadding=\"1\" align=\"center\">\n<tbody>\n<tr>\n<td><strong>Code<\/strong><\/td>\n<td><strong>Shape<\/strong><\/td>\n<td><strong>\u00d8D<\/strong><\/td>\n<td><strong>\u00d8C<\/strong><\/td>\n<td><strong>\u00d8E<\/strong><\/td>\n<td><strong>\u00d8H<\/strong><\/td>\n<td><strong>PCD<\/strong><\/td>\n<td><strong>Tube OD<\/strong><\/td>\n<\/tr>\n<tr>\n<td>ICF34&#8211;H<\/td>\n<td>a<\/td>\n<td>Blank<\/td>\n<td>&#8212;<\/td>\n<td>&#8212;<\/td>\n<td>4.5<\/td>\n<td>27<\/td>\n<td>&#8212;<\/td>\n<\/tr>\n<tr>\n<td>ICF34&#8211;17.3H<\/td>\n<td>b<\/td>\n<td>17.3<\/td>\n<td>14.9<\/td>\n<td>&#8212;<\/td>\n<td>4.5<\/td>\n<td>27<\/td>\n<td>17.30<\/td>\n<\/tr>\n<tr>\n<td>ICF34&#8211;12.8H<\/td>\n<td>c<\/td>\n<td>&#8212;<\/td>\n<td>12.8<\/td>\n<td>&#8212;<\/td>\n<td>4.5<\/td>\n<td>27<\/td>\n<td>12.70<\/td>\n<\/tr>\n<tr>\n<td>ICF34&#8211;17.3RH<\/td>\n<td>d<\/td>\n<td>17.3<\/td>\n<td>14.9<\/td>\n<td>19.3<\/td>\n<td>4.5<\/td>\n<td>27<\/td>\n<td>17.30<\/td>\n<\/tr>\n<\/tbody>\n<\/table>\n<h3 style=\"text-align: left;\"><strong>\u00a0<\/strong><br \/>\n<strong>H: Bolt \u00a0hole \u00a0 \u00a0T: Tapped hole<\/strong><\/h3>\n<p><img loading=\"lazy\" decoding=\"async\" class=\"wp-image-652 aligncenter\" src=\"http:\/\/sai-creativeservices.com\/wp-stage2\/wp-content\/uploads\/2018\/03\/1-161229220Q55F-300x88.png\" alt=\"\" width=\"395\" height=\"116\" srcset=\"https:\/\/www.urwebmaker.in\/abm\/wp-content\/uploads\/2018\/03\/1-161229220Q55F-300x88.png 300w, https:\/\/www.urwebmaker.in\/abm\/wp-content\/uploads\/2018\/03\/1-161229220Q55F-600x176.png 600w, https:\/\/www.urwebmaker.in\/abm\/wp-content\/uploads\/2018\/03\/1-161229220Q55F.png 631w\" sizes=\"auto, (max-width: 395px) 100vw, 395px\" \/><\/p>\n","protected":false},"excerpt":{"rendered":"<p>Conflat Flange Series \u00a0 \u00a0 \u00a0 \u00a0 \u00a0 \u00a0 Unit:mm \u00a0 \u00a0 \u00a0 \u00a0 \u00a0 Material:SUS304 ICF \u00a0 Fixed \u00a0 Flange Code Shape \u00d8A \u00d8B \u00d8C T T1 \u00d8H n PCD Tube OD ICF70&#8211;H a 70 Blank &#8212; 12.7 &#8212; 6.8 6 58.7 &#8212; ICF70&#8211;41H b 70 41.5 38.5 12.7 5.3 6.8 6 58.7 41.0 ICF114&#8211;H a 114 Blank &#8212; 17.5 &#8212; 8.5 8 92.1 &#8212; ICF114&#8211;63.5H b 114 64.0 61.0 17.5 9.5 8.5 8 92.1 63.5 ICF152&#8211;H a 152 Blank &#8212; 20.0 &#8212; 8.5 16 130.2 &#8212; ICF152&#8211;101.6H b&hellip;<\/p>\n","protected":false},"featured_media":653,"comment_status":"closed","ping_status":"closed","template":"","meta":[],"class_list":["post-650","product","type-product","status-publish","has-post-thumbnail","hentry","product_cat-hv-uhv-flanges","product_cat-vacuum-accessories","product_tag-hv-uhv-flanges"],"_links":{"self":[{"href":"https:\/\/www.urwebmaker.in\/abm\/wp-json\/wp\/v2\/product\/650","targetHints":{"allow":["GET"]}}],"collection":[{"href":"https:\/\/www.urwebmaker.in\/abm\/wp-json\/wp\/v2\/product"}],"about":[{"href":"https:\/\/www.urwebmaker.in\/abm\/wp-json\/wp\/v2\/types\/product"}],"replies":[{"embeddable":true,"href":"https:\/\/www.urwebmaker.in\/abm\/wp-json\/wp\/v2\/comments?post=650"}],"wp:featuredmedia":[{"embeddable":true,"href":"https:\/\/www.urwebmaker.in\/abm\/wp-json\/wp\/v2\/media\/653"}],"wp:attachment":[{"href":"https:\/\/www.urwebmaker.in\/abm\/wp-json\/wp\/v2\/media?parent=650"}],"curies":[{"name":"wp","href":"https:\/\/api.w.org\/{rel}","templated":true}]}}